{"id":62,"date":"2023-02-02T09:32:28","date_gmt":"2023-02-02T08:32:28","guid":{"rendered":"https:\/\/personaroom.com\/blog\/?page_id=62"},"modified":"2023-02-02T09:32:28","modified_gmt":"2023-02-02T08:32:28","slug":"riasec-le-type-conventionnel","status":"publish","type":"page","link":"https:\/\/www.testdorientation.com\/blog\/le-test-dorientation-riasec\/riasec-le-type-conventionnel\/","title":{"rendered":"RIASEC : Le type Conventionnel"},"content":{"rendered":"<h2>Le type Conventionnel en 2 mots<\/h2>\n<p>L\u2019efficacit\u00e9 dans les structures, le go\u00fbt du travail bien fait. Consciencieux, calme, m\u00e9thodique, de confiance, soucieux du travail de qualit\u00e9, impliqu\u00e9 professionnellement, pers\u00e9v\u00e9rant, rigoureux, ordonn\u00e9, minutieux, loyal.<\/p>\n<h2>Son environnement<\/h2>\n<p>Appr\u00e9cie les environnements stables et structur\u00e9s. D\u2019une grande conscience professionnelle, il aime le travail bien fait, l\u2019exactitude et la rapidit\u00e9 d\u2019ex\u00e9cution. Il a le sens des chiffres, appr\u00e9cie les activit\u00e9s de gestion. Il appara\u00eet soit comme un bon ex\u00e9cutant soit comme un r\u00e9alisateur syst\u00e9matique et m\u00e9thodique et exige des directives claires. Il attribue de la valeur \u00e0 la r\u00e9ussite mat\u00e9rielle et sociale.<\/p>\n<h2>Ses activit\u00e9s et caract\u00e9ristiques<\/h2>\n<p>Organiser, v\u00e9rifier, classer, r\u00e9diger des notes, g\u00e9rer. Prudent, difficult\u00e9 \u00e0 innover, \u00e0 remettre en cause le savoir acquis, laisse transpara\u00eetre une certaine<br \/>\nr\u00e9sistance au changement, respectueux des hi\u00e9rarchies, peu imaginatif.<\/p>\n","protected":false},"excerpt":{"rendered":"<p>Le type Conventionnel en 2 mots L\u2019efficacit\u00e9 dans les structures, le go\u00fbt du travail bien fait. Consciencieux, calme, m\u00e9thodique, de confiance, soucieux du travail de qualit\u00e9, impliqu\u00e9 professionnellement, pers\u00e9v\u00e9rant, rigoureux, ordonn\u00e9, minutieux, loyal. Son environnement Appr\u00e9cie les environnements stables et structur\u00e9s. D\u2019une grande conscience professionnelle, il aime le travail bien fait, l\u2019exactitude et la rapidit\u00e9 &hellip; <\/p>\n<p class=\"link-more\"><a href=\"https:\/\/www.testdorientation.com\/blog\/le-test-dorientation-riasec\/riasec-le-type-conventionnel\/\" class=\"more-link\">Continuer la lecture<span class=\"screen-reader-text\"> de &laquo;&nbsp;RIASEC : Le type Conventionnel&nbsp;&raquo;<\/span><\/a><\/p>\n","protected":false},"author":1,"featured_media":0,"parent":45,"menu_order":0,"comment_status":"closed","ping_status":"closed","template":"","meta":{"footnotes":""},"class_list":["post-62","page","type-page","status-publish","hentry"],"_links":{"self":[{"href":"https:\/\/www.testdorientation.com\/blog\/wp-json\/wp\/v2\/pages\/62","targetHints":{"allow":["GET"]}}],"collection":[{"href":"https:\/\/www.testdorientation.com\/blog\/wp-json\/wp\/v2\/pages"}],"about":[{"href":"https:\/\/www.testdorientation.com\/blog\/wp-json\/wp\/v2\/types\/page"}],"author":[{"embeddable":true,"href":"https:\/\/www.testdorientation.com\/blog\/wp-json\/wp\/v2\/users\/1"}],"replies":[{"embeddable":true,"href":"https:\/\/www.testdorientation.com\/blog\/wp-json\/wp\/v2\/comments?post=62"}],"version-history":[{"count":1,"href":"https:\/\/www.testdorientation.com\/blog\/wp-json\/wp\/v2\/pages\/62\/revisions"}],"predecessor-version":[{"id":63,"href":"https:\/\/www.testdorientation.com\/blog\/wp-json\/wp\/v2\/pages\/62\/revisions\/63"}],"up":[{"embeddable":true,"href":"https:\/\/www.testdorientation.com\/blog\/wp-json\/wp\/v2\/pages\/45"}],"wp:attachment":[{"href":"https:\/\/www.testdorientation.com\/blog\/wp-json\/wp\/v2\/media?parent=62"}],"curies":[{"name":"wp","href":"https:\/\/api.w.org\/{rel}","templated":true}]}}