{"id":60,"date":"2023-02-02T09:29:29","date_gmt":"2023-02-02T08:29:29","guid":{"rendered":"https:\/\/personaroom.com\/blog\/?page_id=60"},"modified":"2023-02-02T09:29:29","modified_gmt":"2023-02-02T08:29:29","slug":"riasec-le-type-entreprenant","status":"publish","type":"page","link":"https:\/\/www.testdorientation.com\/blog\/le-test-dorientation-riasec\/riasec-le-type-entreprenant\/","title":{"rendered":"RIASEC : Le type Entreprenant"},"content":{"rendered":"<h2>Le type Social en 2 mots<\/h2>\n<p>Le besoin de pouvoir, la force de conviction. Energique, aptitude \u00e0 prendre des risques, fin strat\u00e8ge, populaire en \u00e9tant souvent leader, expression ais\u00e9e, persuasif, pers\u00e9v\u00e9rant, extraverti.<\/p>\n<h2>Son environnement<\/h2>\n<p>Aime prendre des initiatives et exercer une influence sur les autres par son pouvoir de persuasion et son sens de l\u2019organisation. R\u00e9actif, il est \u00e0 l\u2019aise dans les situations qui r\u00e9clament de la rapidit\u00e9 de d\u00e9cision et de la combativit\u00e9. Il lui<br \/>\nfaut relever des challenges \u00e0 la mesure de son ambition. Il a le go\u00fbt des relations d\u2019affaires et les activit\u00e9s commerciales. Il est apte \u00e0 diriger les autres, \u00e0 prendre des d\u00e9cisions, \u00e0 r\u00e9aliser des projets d\u2019envergure.<\/p>\n<h2>Ses activit\u00e9s et caract\u00e9ristiques<\/h2>\n<p>Vendre, gagner de l\u2019argent, faire de la politique, diriger, d\u00e9cider, convaincre, persuader. Convaincant, comp\u00e9titif, besoin d\u2019activit\u00e9s, go\u00fbt de l\u2019argent, esprit<br \/>\naventureux, parfois autoritaire, difficult\u00e9 \u00e0 avoir une vue \u00e0 long terme, il a tendance \u00e0 parfois trop se pr\u00e9cipiter.<\/p>\n","protected":false},"excerpt":{"rendered":"<p>Le type Social en 2 mots Le besoin de pouvoir, la force de conviction. Energique, aptitude \u00e0 prendre des risques, fin strat\u00e8ge, populaire en \u00e9tant souvent leader, expression ais\u00e9e, persuasif, pers\u00e9v\u00e9rant, extraverti. Son environnement Aime prendre des initiatives et exercer une influence sur les autres par son pouvoir de persuasion et son sens de l\u2019organisation. &hellip; <\/p>\n<p class=\"link-more\"><a href=\"https:\/\/www.testdorientation.com\/blog\/le-test-dorientation-riasec\/riasec-le-type-entreprenant\/\" class=\"more-link\">Continuer la lecture<span class=\"screen-reader-text\"> de &laquo;&nbsp;RIASEC : Le type Entreprenant&nbsp;&raquo;<\/span><\/a><\/p>\n","protected":false},"author":1,"featured_media":0,"parent":45,"menu_order":0,"comment_status":"closed","ping_status":"closed","template":"","meta":{"footnotes":""},"class_list":["post-60","page","type-page","status-publish","hentry"],"_links":{"self":[{"href":"https:\/\/www.testdorientation.com\/blog\/wp-json\/wp\/v2\/pages\/60","targetHints":{"allow":["GET"]}}],"collection":[{"href":"https:\/\/www.testdorientation.com\/blog\/wp-json\/wp\/v2\/pages"}],"about":[{"href":"https:\/\/www.testdorientation.com\/blog\/wp-json\/wp\/v2\/types\/page"}],"author":[{"embeddable":true,"href":"https:\/\/www.testdorientation.com\/blog\/wp-json\/wp\/v2\/users\/1"}],"replies":[{"embeddable":true,"href":"https:\/\/www.testdorientation.com\/blog\/wp-json\/wp\/v2\/comments?post=60"}],"version-history":[{"count":1,"href":"https:\/\/www.testdorientation.com\/blog\/wp-json\/wp\/v2\/pages\/60\/revisions"}],"predecessor-version":[{"id":61,"href":"https:\/\/www.testdorientation.com\/blog\/wp-json\/wp\/v2\/pages\/60\/revisions\/61"}],"up":[{"embeddable":true,"href":"https:\/\/www.testdorientation.com\/blog\/wp-json\/wp\/v2\/pages\/45"}],"wp:attachment":[{"href":"https:\/\/www.testdorientation.com\/blog\/wp-json\/wp\/v2\/media?parent=60"}],"curies":[{"name":"wp","href":"https:\/\/api.w.org\/{rel}","templated":true}]}}