{"id":58,"date":"2023-02-02T09:25:18","date_gmt":"2023-02-02T08:25:18","guid":{"rendered":"https:\/\/personaroom.com\/blog\/?page_id=58"},"modified":"2023-02-02T09:25:26","modified_gmt":"2023-02-02T08:25:26","slug":"riasec-le-type-social","status":"publish","type":"page","link":"https:\/\/www.testdorientation.com\/blog\/le-test-dorientation-riasec\/riasec-le-type-social\/","title":{"rendered":"RIASEC : Le type Social"},"content":{"rendered":"<h2>Le type Social en 2 mots<\/h2>\n<p>Le d\u00e9sir de communiquer, le travail en \u00e9quipe. G\u00e9n\u00e9reux, tol\u00e9rant, responsable, accueillant, bonne \u00e9loquence verbale, id\u00e9aliste, coop\u00e9ratif, disponible, diplomate.<\/p>\n<h2>Son environnement<\/h2>\n<p>Le social est celui qui s\u2019\u00e9loigne le plus du type r\u00e9aliste. Il recherche les contacts avec les autres pour les conseiller, les informer, les aider\u2026 ce qui le pr\u00e9dispose \u00e0 des activit\u00e9s \u00e0 vocation sociale ou de communication. Leader et populaire, il aime \u00eatre au centre des activit\u00e9s et est peu enclin aux activit\u00e9s \u00e0 caract\u00e8re administratif. Il est \u00e0 l\u2019aise dans un environnement chaleureux et participatif qui satisfait son besoin d\u2019appartenance<\/p>\n<h2>Ses activit\u00e9s et caract\u00e9ristiques<\/h2>\n<p>Enseigner, conseiller, aider, informer, rencontrer des personnes. Dou\u00e9 pour les relations humaines, il se mobilise ais\u00e9ment, bonne intelligence des situations sociales, difficult\u00e9 \u00e0 trancher par souci de \u00ab blesser \u00bb, manque de rigueur avec les chiffres et les budgets \u00e0 g\u00e9rer.<\/p>\n","protected":false},"excerpt":{"rendered":"<p>Le type Social en 2 mots Le d\u00e9sir de communiquer, le travail en \u00e9quipe. G\u00e9n\u00e9reux, tol\u00e9rant, responsable, accueillant, bonne \u00e9loquence verbale, id\u00e9aliste, coop\u00e9ratif, disponible, diplomate. Son environnement Le social est celui qui s\u2019\u00e9loigne le plus du type r\u00e9aliste. Il recherche les contacts avec les autres pour les conseiller, les informer, les aider\u2026 ce qui le &hellip; <\/p>\n<p class=\"link-more\"><a href=\"https:\/\/www.testdorientation.com\/blog\/le-test-dorientation-riasec\/riasec-le-type-social\/\" class=\"more-link\">Continuer la lecture<span class=\"screen-reader-text\"> de &laquo;&nbsp;RIASEC : Le type Social&nbsp;&raquo;<\/span><\/a><\/p>\n","protected":false},"author":2,"featured_media":0,"parent":45,"menu_order":0,"comment_status":"closed","ping_status":"closed","template":"","meta":{"footnotes":""},"class_list":["post-58","page","type-page","status-publish","hentry"],"_links":{"self":[{"href":"https:\/\/www.testdorientation.com\/blog\/wp-json\/wp\/v2\/pages\/58","targetHints":{"allow":["GET"]}}],"collection":[{"href":"https:\/\/www.testdorientation.com\/blog\/wp-json\/wp\/v2\/pages"}],"about":[{"href":"https:\/\/www.testdorientation.com\/blog\/wp-json\/wp\/v2\/types\/page"}],"author":[{"embeddable":true,"href":"https:\/\/www.testdorientation.com\/blog\/wp-json\/wp\/v2\/users\/2"}],"replies":[{"embeddable":true,"href":"https:\/\/www.testdorientation.com\/blog\/wp-json\/wp\/v2\/comments?post=58"}],"version-history":[{"count":1,"href":"https:\/\/www.testdorientation.com\/blog\/wp-json\/wp\/v2\/pages\/58\/revisions"}],"predecessor-version":[{"id":59,"href":"https:\/\/www.testdorientation.com\/blog\/wp-json\/wp\/v2\/pages\/58\/revisions\/59"}],"up":[{"embeddable":true,"href":"https:\/\/www.testdorientation.com\/blog\/wp-json\/wp\/v2\/pages\/45"}],"wp:attachment":[{"href":"https:\/\/www.testdorientation.com\/blog\/wp-json\/wp\/v2\/media?parent=58"}],"curies":[{"name":"wp","href":"https:\/\/api.w.org\/{rel}","templated":true}]}}