{"id":56,"date":"2023-02-02T09:21:26","date_gmt":"2023-02-02T08:21:26","guid":{"rendered":"https:\/\/personaroom.com\/blog\/?page_id=56"},"modified":"2023-02-02T09:21:26","modified_gmt":"2023-02-02T08:21:26","slug":"riasec-le-type-artiste","status":"publish","type":"page","link":"https:\/\/www.testdorientation.com\/blog\/le-test-dorientation-riasec\/riasec-le-type-artiste\/","title":{"rendered":"RIASEC : Le type Artiste"},"content":{"rendered":"<h2>Le type Artiste en 2 mots<\/h2>\n<p>L\u2019expression de soi, le go\u00fbt du changement. Ind\u00e9pendant, sensible, intuitif, id\u00e9aliste, cr\u00e9atif, original, anticipateur.<\/p>\n<h2>Son environnement<\/h2>\n<p>L\u2019artiste s\u2019oppose au type conventionnel. Il est avant tout quelqu\u2019un qui a besoin de s\u2019exprimer dans ce qu\u2019il fait. Il est souvent attir\u00e9 par des activit\u00e9s \u00e0 caract\u00e8re artistique mais peut exercer sa cr\u00e9ativit\u00e9 dans tout autre domaine. Il \u00e9prouve une aversion pour les t\u00e2ches trop syst\u00e9matiques et contraignantes.<br \/>\nIl appr\u00e9cie le changement dans son travail et s\u2019adapte facilement \u00e0 de nouvelles conditions<\/p>\n<h2>Ses activit\u00e9s et caract\u00e9ristiques<\/h2>\n<p>Jouer un r\u00f4le, d\u00e9corer, cr\u00e9er, imaginer, \u00e9crire, s\u2019exprimer. Fort enthousiasme\u00a0 face \u00e0 des activit\u00e9s nouvelles et attirantes, impulsif, travaillera plus facilement dans des environnements flexibles ou peu contraignants, peu pratique et peu<br \/>\ndiplomate, pr\u00e9sente parfois des difficult\u00e9s \u00e0 s\u2019int\u00e9grer dans une \u00e9quipe.<\/p>\n","protected":false},"excerpt":{"rendered":"<p>Le type Artiste en 2 mots L\u2019expression de soi, le go\u00fbt du changement. Ind\u00e9pendant, sensible, intuitif, id\u00e9aliste, cr\u00e9atif, original, anticipateur. Son environnement L\u2019artiste s\u2019oppose au type conventionnel. Il est avant tout quelqu\u2019un qui a besoin de s\u2019exprimer dans ce qu\u2019il fait. Il est souvent attir\u00e9 par des activit\u00e9s \u00e0 caract\u00e8re artistique mais peut exercer sa &hellip; <\/p>\n<p class=\"link-more\"><a href=\"https:\/\/www.testdorientation.com\/blog\/le-test-dorientation-riasec\/riasec-le-type-artiste\/\" class=\"more-link\">Continuer la lecture<span class=\"screen-reader-text\"> de &laquo;&nbsp;RIASEC : Le type Artiste&nbsp;&raquo;<\/span><\/a><\/p>\n","protected":false},"author":1,"featured_media":0,"parent":45,"menu_order":0,"comment_status":"closed","ping_status":"closed","template":"","meta":{"footnotes":""},"class_list":["post-56","page","type-page","status-publish","hentry"],"_links":{"self":[{"href":"https:\/\/www.testdorientation.com\/blog\/wp-json\/wp\/v2\/pages\/56","targetHints":{"allow":["GET"]}}],"collection":[{"href":"https:\/\/www.testdorientation.com\/blog\/wp-json\/wp\/v2\/pages"}],"about":[{"href":"https:\/\/www.testdorientation.com\/blog\/wp-json\/wp\/v2\/types\/page"}],"author":[{"embeddable":true,"href":"https:\/\/www.testdorientation.com\/blog\/wp-json\/wp\/v2\/users\/1"}],"replies":[{"embeddable":true,"href":"https:\/\/www.testdorientation.com\/blog\/wp-json\/wp\/v2\/comments?post=56"}],"version-history":[{"count":1,"href":"https:\/\/www.testdorientation.com\/blog\/wp-json\/wp\/v2\/pages\/56\/revisions"}],"predecessor-version":[{"id":57,"href":"https:\/\/www.testdorientation.com\/blog\/wp-json\/wp\/v2\/pages\/56\/revisions\/57"}],"up":[{"embeddable":true,"href":"https:\/\/www.testdorientation.com\/blog\/wp-json\/wp\/v2\/pages\/45"}],"wp:attachment":[{"href":"https:\/\/www.testdorientation.com\/blog\/wp-json\/wp\/v2\/media?parent=56"}],"curies":[{"name":"wp","href":"https:\/\/api.w.org\/{rel}","templated":true}]}}