{"id":53,"date":"2023-02-02T09:18:40","date_gmt":"2023-02-02T08:18:40","guid":{"rendered":"https:\/\/personaroom.com\/blog\/?page_id=53"},"modified":"2023-02-02T09:18:57","modified_gmt":"2023-02-02T08:18:57","slug":"riasec-le-type-investigateur","status":"publish","type":"page","link":"https:\/\/www.testdorientation.com\/blog\/le-test-dorientation-riasec\/riasec-le-type-investigateur\/","title":{"rendered":"RIASEC : Le type Investigateur"},"content":{"rendered":"<h2>Le type Investigateur en 2 mots<\/h2>\n<p>Le besoin de comprendre, la rigueur intellectuelle. Esprit critique, synth\u00e9tique, d\u2019analyse, ind\u00e9pendant, m\u00e9thodique, curieux, rigoureux.<\/p>\n<h2>Son environnement<\/h2>\n<p>Privil\u00e9gie les activit\u00e9s intellectuelles, notamment d\u2019ordre scientifique, \u00e0 l\u2019action. Il aime analyser, observer, exp\u00e9rimenter pour comprendre les ph\u00e9nom\u00e8nes qui l\u2019entourent. Il est guid\u00e9 par le besoin de comprendre et d\u2019accro\u00eetre ses connaissances. Il appr\u00e9cie la stimulation intellectuelle, notamment par l\u2019apprentissage. Il est peu int\u00e9ress\u00e9 par les relations interpersonnelles.<\/p>\n<h2>Ses activit\u00e9s et caract\u00e9ristiques<\/h2>\n<p>R\u00e9soudre des probl\u00e8mes, conduire des recherches, analyser des donn\u00e9es, travailler de fa\u00e7on autonome. Capacit\u00e9s \u00e0 susciter un questionnement, \u00e0 programmer des projets complexes, aptitudes scientifiques, difficult\u00e9 \u00e0 manager, \u00e0 prendre des d\u00e9cisions concr\u00e8tes et \u00e0 s\u2019int\u00e9resser aux r\u00e9alisations pratiques.<\/p>\n<p>&nbsp;<\/p>\n","protected":false},"excerpt":{"rendered":"<p>Le type Investigateur en 2 mots Le besoin de comprendre, la rigueur intellectuelle. Esprit critique, synth\u00e9tique, d\u2019analyse, ind\u00e9pendant, m\u00e9thodique, curieux, rigoureux. Son environnement Privil\u00e9gie les activit\u00e9s intellectuelles, notamment d\u2019ordre scientifique, \u00e0 l\u2019action. Il aime analyser, observer, exp\u00e9rimenter pour comprendre les ph\u00e9nom\u00e8nes qui l\u2019entourent. Il est guid\u00e9 par le besoin de comprendre et d\u2019accro\u00eetre ses connaissances. &hellip; <\/p>\n<p class=\"link-more\"><a href=\"https:\/\/www.testdorientation.com\/blog\/le-test-dorientation-riasec\/riasec-le-type-investigateur\/\" class=\"more-link\">Continuer la lecture<span class=\"screen-reader-text\"> de &laquo;&nbsp;RIASEC : Le type Investigateur&nbsp;&raquo;<\/span><\/a><\/p>\n","protected":false},"author":1,"featured_media":0,"parent":45,"menu_order":0,"comment_status":"closed","ping_status":"closed","template":"","meta":{"footnotes":""},"class_list":["post-53","page","type-page","status-publish","hentry"],"_links":{"self":[{"href":"https:\/\/www.testdorientation.com\/blog\/wp-json\/wp\/v2\/pages\/53","targetHints":{"allow":["GET"]}}],"collection":[{"href":"https:\/\/www.testdorientation.com\/blog\/wp-json\/wp\/v2\/pages"}],"about":[{"href":"https:\/\/www.testdorientation.com\/blog\/wp-json\/wp\/v2\/types\/page"}],"author":[{"embeddable":true,"href":"https:\/\/www.testdorientation.com\/blog\/wp-json\/wp\/v2\/users\/1"}],"replies":[{"embeddable":true,"href":"https:\/\/www.testdorientation.com\/blog\/wp-json\/wp\/v2\/comments?post=53"}],"version-history":[{"count":2,"href":"https:\/\/www.testdorientation.com\/blog\/wp-json\/wp\/v2\/pages\/53\/revisions"}],"predecessor-version":[{"id":55,"href":"https:\/\/www.testdorientation.com\/blog\/wp-json\/wp\/v2\/pages\/53\/revisions\/55"}],"up":[{"embeddable":true,"href":"https:\/\/www.testdorientation.com\/blog\/wp-json\/wp\/v2\/pages\/45"}],"wp:attachment":[{"href":"https:\/\/www.testdorientation.com\/blog\/wp-json\/wp\/v2\/media?parent=53"}],"curies":[{"name":"wp","href":"https:\/\/api.w.org\/{rel}","templated":true}]}}