{"id":45,"date":"2023-01-31T15:42:18","date_gmt":"2023-01-31T14:42:18","guid":{"rendered":"https:\/\/personaroom.com\/blog\/?page_id=45"},"modified":"2023-09-08T15:49:16","modified_gmt":"2023-09-08T13:49:16","slug":"le-test-dorientation-riasec","status":"publish","type":"page","link":"https:\/\/www.testdorientation.com\/blog\/le-test-dorientation-riasec\/","title":{"rendered":"Le test d&rsquo;orientation RIASEC"},"content":{"rendered":"<h2>Introduction au test RIASEC<\/h2>\n<p>Le test RIASEC, \u00e9galement connu sous le nom de test des codes Holland, est un type de test de personnalit\u00e9 utilis\u00e9 pour mesurer les int\u00e9r\u00eats professionnels d&rsquo;une personne et l&rsquo;aider \u00e0 identifier la meilleure voie professionnelle pour elle. Mis au point dans les ann\u00e9es 1950 par le psychologue am\u00e9ricain John L. Holland, il \u00e9value les individus sur six dimensions diff\u00e9rentes : R\u00e9aliste (R), investigateur (I), artistique (A), social (S), entreprenant (E) et conventionnel (C). Il est utilis\u00e9 par les conseillers d&rsquo;orientation professionnelle depuis des d\u00e9cennies, car il permet de fournir une analyse compl\u00e8te des int\u00e9r\u00eats uniques d&rsquo;une personne et de pr\u00e9senter les choix professionnels potentiels qui correspondent \u00e0 ces int\u00e9r\u00eats.<\/p>\n<p>Plus que cela, il y a une opposition entre les dimensions de sorte que sa repr\u00e9sentation graphique hexagonale permet une lecture plus fine des potentiels vocationnels de la personne.<\/p>\n<h2>Aper\u00e7u des six dimensions<\/h2>\n<p><strong>R\u00e9aliste (R)<\/strong> fait r\u00e9f\u00e9rence aux int\u00e9r\u00eats pour les activit\u00e9s qui impliquent des capacit\u00e9s et des comp\u00e9tences physiques. Il est associ\u00e9 \u00e0 des activit\u00e9s pratiques et concr\u00e8tes comme le b\u00e2timent, la construction, la m\u00e9canique et l&rsquo;ing\u00e9nierie.<br \/>\n<a href=\"https:\/\/testdorientation.com\/blog\/le-test-dorientation-riasec\/riasec-type-realiste\/\">Plus de d\u00e9tails sur le type RIASEC R\u00e9aliste<\/a><\/p>\n<p><strong>Investigateur (I) <\/strong>implique la curiosit\u00e9 intellectuelle d&rsquo;une personne et son int\u00e9r\u00eat pour la recherche et l&rsquo;investigation scientifiques. Les personnes ayant un score \u00e9lev\u00e9 en mati\u00e8re d&rsquo;investigation peuvent pr\u00e9f\u00e9rer poursuivre une carri\u00e8re en math\u00e9matiques, la science ou le monde universitaire.<br \/>\n<a href=\"https:\/\/testdorientation.com\/blog\/le-test-dorientation-riasec\/riasec-le-type-investigateur\/\">Plus de d\u00e9tails sur le type RIASEC Investigateur<\/a><\/p>\n<p><strong>Artistique (A)<\/strong> indique un int\u00e9r\u00eat pour les activit\u00e9s li\u00e9es aux arts de la sc\u00e8ne et aux arts visuels, comme la musique, la peinture, la photographie et le th\u00e9\u00e2tre.<br \/>\n<a href=\"https:\/\/testdorientation.com\/blog\/le-test-dorientation-riasec\/riasec-le-type-artiste\/\">Plus de d\u00e9tails sur le type RIASEC Artiste<\/a><\/p>\n<p><strong>Social (S)<\/strong> indique qu&rsquo;une personne aime travailler avec les gens et recherche l&rsquo;interaction sociale lorsqu&rsquo;elle cherche un emploi. Ces personnes pr\u00e9f\u00e8rent souvent les emplois qui impliquent l&rsquo;enseignement, l&rsquo;entra\u00eenement ou le conseil.<br \/>\n<a href=\"https:\/\/testdorientation.com\/blog\/le-test-dorientation-riasec\/riasec-le-type-social\/\">Plus de d\u00e9tails sur le type RIASEC Social<\/a><\/p>\n<p>Le caract\u00e8re <strong>entreprenant (E)<\/strong> implique une pr\u00e9f\u00e9rence pour les activit\u00e9s qui impliquent d&rsquo;influencer ou de diriger les autres. Les personnes ayant un score \u00e9lev\u00e9 d&rsquo;esprit d&rsquo;entreprise peuvent \u00eatre des propri\u00e9taires d&rsquo;entreprise, des gestionnaires ou des vendeurs prosp\u00e8res.<br \/>\n<a href=\"https:\/\/testdorientation.com\/blog\/le-test-dorientation-riasec\/riasec-le-type-entreprenant\/\">Plus de d\u00e9tails sur le type RIASEC Entreprenant<\/a><\/p>\n<p>Enfin, la cat\u00e9gorie <strong>conventionnelle (C)<\/strong> indique un int\u00e9r\u00eat pour les t\u00e2ches et activit\u00e9s structur\u00e9es qui impliquent l&rsquo;organisation de donn\u00e9es et le travail avec des chiffres. Ces personnes sont souvent bien-adapt\u00e9s aux emplois de bureau tels que la comptabilit\u00e9, la tenue de livres et l&rsquo;analyse financi\u00e8re.<br \/>\n<a href=\"https:\/\/testdorientation.com\/blog\/le-test-dorientation-riasec\/riasec-le-type-conventionnel\/\">Plus de d\u00e9tails sur le type RIASEC Conventionnel<\/a><\/p>\n<h2>Avantages du test<\/h2>\n<p>Le test de carri\u00e8re RIASEC (ou Holland Code) est un outil puissant utilis\u00e9 par les conseillers d&rsquo;orientation professionnelle et le personnel des ressources humaines pour \u00e9valuer les int\u00e9r\u00eats d&rsquo;une personne et l&rsquo;aider \u00e0 identifier la meilleure voie professionnelle pour son avenir. Mis au point dans les ann\u00e9es 1950 par le Dr John L. Holland, psychologue de renom, ce test psychom\u00e9trique qui se compose, selon les version, d&rsquo;une cinquantaine de questions, a \u00e9t\u00e9 largement adopt\u00e9 en tant qu&rsquo;outil d&rsquo;\u00e9valuation de carri\u00e8re.<\/p>\n<p>Les service de P\u00f4le Emploi ont depuis longtemps ajout\u00e9 les indications RIASEC (la dimension majeure et la mineure) aux fiches m\u00e9tier ROME , permettant \u00e0 tous de retrouver une liste de professions possibles.<\/p>\n<h2>Conclusion<\/h2>\n<p>Le test RIASEC est un outil pr\u00e9cieux pour identifier les int\u00e9r\u00eats et les capacit\u00e9s uniques d&rsquo;une personne. En \u00e9valuant les individus selon six dimensions diff\u00e9rentes, ce test donne un aper\u00e7u de leur potentiel professionnel et les aide \u00e0 prendre de meilleures d\u00e9cisions concernant leur avenir. Que vous d\u00e9butiez dans votre vie professionnelle ou que vous cherchiez \u00e0 changer de carri\u00e8re, le test RIASEC peut \u00eatre un excellent moyen de d\u00e9terminer clairement quel emploi vous convient le mieux. Gr\u00e2ce \u00e0 sa repr\u00e9sentation graphique hexagonale de chaque dimension, il permet aux utilisateurs d&rsquo;avoir une compr\u00e9hension plus d\u00e9taill\u00e9e. En fin de compte, prendre le temps de vous comprendre en utilisant cette \u00e9valuation puissante pourrait vous aider \u00e0 r\u00e9ussir dans n&rsquo;importe quel domaine !<\/p>\n<p><strong><a href=\"https:\/\/testdorientation.com\">Faites le test d&rsquo;orientation pour conna\u00eetre votre RIASEC en 24 questions (gratuit sans inscription et anonyme)<\/a><\/strong><\/p>\n<p>&nbsp;<\/p>\n<p>Pour approfondir le sujet, vous pouvez trouver d&rsquo;autres informations\u00a0 sur\u00a0 <a href=\"http:\/\/deporientation.free.fr\" rel=\"nofollow\">http:\/\/deporientation.free.fr<\/a><\/p>\n","protected":false},"excerpt":{"rendered":"<p>Introduction au test RIASEC Le test RIASEC, \u00e9galement connu sous le nom de test des codes Holland, est un type de test de personnalit\u00e9 utilis\u00e9 pour mesurer les int\u00e9r\u00eats professionnels d&rsquo;une personne et l&rsquo;aider \u00e0 identifier la meilleure voie professionnelle pour elle. Mis au point dans les ann\u00e9es 1950 par le psychologue am\u00e9ricain John L. &hellip; <\/p>\n<p class=\"link-more\"><a href=\"https:\/\/www.testdorientation.com\/blog\/le-test-dorientation-riasec\/\" class=\"more-link\">Continuer la lecture<span class=\"screen-reader-text\"> de &laquo;&nbsp;Le test d&rsquo;orientation RIASEC&nbsp;&raquo;<\/span><\/a><\/p>\n","protected":false},"author":1,"featured_media":0,"parent":0,"menu_order":0,"comment_status":"closed","ping_status":"closed","template":"","meta":{"footnotes":""},"class_list":["post-45","page","type-page","status-publish","hentry"],"_links":{"self":[{"href":"https:\/\/www.testdorientation.com\/blog\/wp-json\/wp\/v2\/pages\/45","targetHints":{"allow":["GET"]}}],"collection":[{"href":"https:\/\/www.testdorientation.com\/blog\/wp-json\/wp\/v2\/pages"}],"about":[{"href":"https:\/\/www.testdorientation.com\/blog\/wp-json\/wp\/v2\/types\/page"}],"author":[{"embeddable":true,"href":"https:\/\/www.testdorientation.com\/blog\/wp-json\/wp\/v2\/users\/1"}],"replies":[{"embeddable":true,"href":"https:\/\/www.testdorientation.com\/blog\/wp-json\/wp\/v2\/comments?post=45"}],"version-history":[{"count":13,"href":"https:\/\/www.testdorientation.com\/blog\/wp-json\/wp\/v2\/pages\/45\/revisions"}],"predecessor-version":[{"id":86,"href":"https:\/\/www.testdorientation.com\/blog\/wp-json\/wp\/v2\/pages\/45\/revisions\/86"}],"wp:attachment":[{"href":"https:\/\/www.testdorientation.com\/blog\/wp-json\/wp\/v2\/media?parent=45"}],"curies":[{"name":"wp","href":"https:\/\/api.w.org\/{rel}","templated":true}]}}