{"id":40,"date":"2023-01-25T11:42:00","date_gmt":"2023-01-25T10:42:00","guid":{"rendered":"https:\/\/personaroom.com\/blog\/?page_id=40"},"modified":"2023-01-25T11:42:00","modified_gmt":"2023-01-25T10:42:00","slug":"le-dilemme-moral","status":"publish","type":"page","link":"https:\/\/www.testdorientation.com\/blog\/le-dilemme-moral\/","title":{"rendered":"Le dilemme moral"},"content":{"rendered":"<h1>De la richesse du dilemme moral dans l&rsquo;\u00e9criture<\/h1>\n<h2>D\u00e9finition<\/h2>\n<p>Un dilemme moral est une situation o\u00f9 l&rsquo;on doit choisir entre deux lignes d&rsquo;action morales, dont chacune a des cons\u00e9quences contradictoires. Il s&rsquo;agit de dilemmes qui exigent des choix ou des d\u00e9cisions morales difficiles, par exemple lorsqu&rsquo;une personne doit choisir entre deux actions ou croyances qui semblent toutes deux moralement mauvaises, mais qui peuvent avoir des implications morales diff\u00e9rentes.<\/p>\n<p>Le dilemme corn\u00e9lien est un dilemme \u00e9thique qui laisse les philosophes perplexes depuis sa premi\u00e8re description par l&rsquo;historien romain du IIe si\u00e8cle Cornelius Tacitus. Il s&rsquo;agit de savoir s&rsquo;il faut choisir un \u00ab\u00a0moindre mal\u00a0\u00bb lorsqu&rsquo;on est confront\u00e9 \u00e0 deux mauvaises options, qui peuvent toutes deux avoir de graves cons\u00e9quences. Plus pr\u00e9cis\u00e9ment, elle demande si le jugement moral d&rsquo;une personne doit se fonder sur sa d\u00e9cision d&rsquo;ob\u00e9ir \u00e0 la loi ou de l&rsquo;enfreindre pour \u00e9viter une plus grande trag\u00e9die. Cette \u00e9nigme morale met \u00e0 l&rsquo;\u00e9preuve les conceptions de la justice et les \u00e9valuations du pr\u00e9judice et pr\u00e9sente un argument de type cons\u00e9quentialisme contre d\u00e9ontologie. Bien qu&rsquo;il n&rsquo;existe pas de r\u00e9ponse unique et satisfaisante \u00e0 cet ancien dilemme, il reste l&rsquo;une des questions les plus persistantes de la m\u00e9taphysique et de l&rsquo;\u00e9thique.<\/p>\n<h2>Des exemples de dilemmes connus<\/h2>\n<p>Le dilemme de Heinz<\/p>\n<p>Le dilemme de Heinz est une \u00e9nigme morale introduite pour la premi\u00e8re fois par le philosophe moraliste et psychologue Lawrence Kohlberg en 1958. Il porte sur le conflit moral entre deux imp\u00e9ratifs moraux qui peuvent \u00eatre concurrents : l&rsquo;obligation morale de respecter la loi et l&rsquo;obligation morale d&rsquo;aider une personne dans le besoin.<\/p>\n<p>\u00ab\u00a0<em>La femme de Heinz est tr\u00e8s malade. Elle peut mourir d\u2019un instant \u00e0 l\u2019autre si elle ne prend pas un m\u00e9dicament X. Celui-ci est hors de prix et Heinz ne peut le payer enti\u00e8rement. Il se rend n\u00e9anmoins chez le pharmacien et lui demande le m\u00e9dicament, ne f\u00fbt-ce qu\u2019\u00e0 cr\u00e9dit. Le pharmacien refuse. Que devrait faire Heinz\u00a0? Laisser mourir sa femme ou voler le m\u00e9dicament\u00a0?<\/em>\u00a0\u00bb<\/p>\n<p>En savoir plus (<a href=\"https:\/\/fr.wikipedia.org\/wiki\/Th%C3%A9orie_du_d%C3%A9veloppement_moral_de_Kohlberg#M.C3.A9thode\" target=\"_blank\" rel=\"noopener noreferrer\">wikipedia<\/a>)<\/p>\n<p>Le dilemme du prisonnier<\/p>\n<p>Le dilemme du prisonnier est une \u00e9nigme morale qui a \u00e9t\u00e9 utilis\u00e9e pour \u00e9tudier la prise de d\u00e9cision morale, le comportement social et la th\u00e9orie des jeux. Il a \u00e9t\u00e9 d\u00e9velopp\u00e9 pour la premi\u00e8re fois par Merrill Flood et Melvin Dresher en 1950. Le principe de base du dilemme du prisonnier est que deux prisonniers sont soup\u00e7onn\u00e9s du m\u00eame crime, mais ne seront condamn\u00e9s que si l&rsquo;un d&rsquo;entre eux avoue et implique l&rsquo;autre.<\/p>\n<p>Le dilemme moral est de savoir si le prisonnier doit avouer ou non, car les deux peuvent recevoir une peine moins lourde si l&rsquo;un t\u00e9moigne contre l&rsquo;autre, mais ce m\u00eame accord pourrait conduire \u00e0 ce que les deux re\u00e7oivent une peine plus s\u00e9v\u00e8re. Cette situation illustre donc un dilemme \u00e9thique dans lequel deux personnes doivent choisir entre leurs propres int\u00e9r\u00eats ou des principes moraux.<\/p>\n<p>Le dilemme de Robin des Bois<\/p>\n<p>Le dilemme de Robin des Bois est une \u00e9nigme morale qui examine les implications morales du vol des personnes les plus riches et les plus ais\u00e9es afin d&rsquo;aider celles qui sont moins fortun\u00e9es. Ce dilemme moral est souvent pos\u00e9 sous la forme d&rsquo;une question : Est-il moralement bien ou mal de voler une personne, ou m\u00eame un groupe de personnes, pour aider les plus d\u00e9munis ?<\/p>\n<p>Le dilemme du tramway<\/p>\n<p>Le dilemme du tramway est un dilemme \u00e9thique qui pose la question de savoir si les valeurs morales doivent \u00eatre mises en balance avec les pr\u00e9occupations utilitaires. Ce dilemme moral tire son nom d&rsquo;un incident au cours duquel un conducteur de tramway doit choisir entre deux issues morales diff\u00e9rentes : sauver la vie de cinq passagers d&rsquo;un c\u00f4t\u00e9 des voies ou d&rsquo;un passager de l&rsquo;autre c\u00f4t\u00e9.<\/p>\n<p>Le dilemme amoureux<\/p>\n<p>Le dilemme de l&rsquo;amour est un exemple des \u00e9nigmes morales qui sont souvent pr\u00e9sent\u00e9es dans la litt\u00e9rature et le th\u00e9\u00e2tre. Le dilemme moral classique tourne autour de deux imp\u00e9ratifs moraux : l&rsquo;obligation morale d&rsquo;honorer une promesse et l&rsquo;obligation morale d&rsquo;aimer une autre personne. Un exemple parfait de ce dilemme moral se trouve dans la pi\u00e8ce de William Shakespeare Rom\u00e9o et Juliette, dans lequel Rom\u00e9o doit choisir entre son amour pour Juliette et sa loyaut\u00e9 envers son ami Mercutio.<\/p>\n<p>Le dilemme d&rsquo;honneur<\/p>\n<p>Le dilemme de l&rsquo;honneur, tel qu&rsquo;il est illustr\u00e9 dans la trag\u00e9die Andromaque de Racine, est une \u00e9nigme morale qui nous met face \u00e0 un conflit moral entre deux obligations morales concurrentes : l&rsquo;obligation morale de rester fid\u00e8le \u00e0 son honneur personnel et l&rsquo;obligation morale de rester loyal envers ceux qui nous ont \u00e9t\u00e9 confi\u00e9s. Dans Andromaque, le dilemme moral se manifeste lorsqu&rsquo;Andromaque doit choisir entre son honneur et sa loyaut\u00e9 envers les Troyens ou sa loyaut\u00e9 envers Hector.<\/p>\n<h2>L&rsquo;opposition des valeurs dans le mod\u00e8le de Schwartz<\/h2>\n<p>Les 19 valeurs morales du Dr. Schwartz sont organis\u00e9es en cercle. Ainsi, la Conformit\u00e9 interpersonnelle ( \u00c9viter de contrarier ou de blesser d&rsquo;autres personnes) s&rsquo;oppose \u00e0 l&rsquo;H\u00e9donisme (Plaisir et gratification par les sens) ou la Stimulation (Excitation, nouveaut\u00e9 et changement.)<\/p>\n<p>Gr\u00e2ce \u00e0 ces oppositions, il devient plus facile ou tout du moins plus intelligible de cr\u00e9er des situations de dilemmes moraux efficaces et pertinents.<\/p>\n<p>&nbsp;<\/p>\n<p>Par exemple, il est possible d&rsquo;imaginer une opposition entre la valeur de \u00ab\u00a0l\u2019universalisme de la nature\u00a0\u00bb et \u00ab\u00a0la s\u00e9curit\u00e9 personnelle\u00a0\u00bb : Un ouvrier re\u00e7oit l&rsquo;ordre d&rsquo;aller d\u00e9verser des d\u00e9chets toxiques dans la nature. S&rsquo;il ne le fait pas, il perd son travail&#8230;<\/p>\n<h2>Conclusion<\/h2>\n<p>Les dilemmes moraux sont des questions complexes qui n\u00e9cessitent un examen attentif de principes et de valeurs contradictoires. Qu&rsquo;il s&rsquo;agisse du dilemme du prisonnier, du dilemme de Robin des Bois, du dilemme du tramway ou de toute autre \u00e9nigme morale \u00e0 laquelle nous pouvons \u00eatre confront\u00e9s dans la vie, il est, par d\u00e9finition, difficile d&rsquo;y r\u00e9pondre. En explorant diff\u00e9rentes perspectives sur les dilemmes moraux, telles que la religion, l&rsquo;\u00e9thique et la philosophie, on peut se faire une id\u00e9e de la meilleure fa\u00e7on de les aborder. En outre, en examinant des mod\u00e8les tels que les 19 valeurs morales de Schwartz, qui opposent certaines valeurs, il devient plus facile d&rsquo;identifier les fondamentaux des conflits moraux et de comprendre les raisons de l&rsquo;obstacle \u00e0 la d\u00e9cision.<\/p>\n","protected":false},"excerpt":{"rendered":"<p>De la richesse du dilemme moral dans l&rsquo;\u00e9criture D\u00e9finition Un dilemme moral est une situation o\u00f9 l&rsquo;on doit choisir entre deux lignes d&rsquo;action morales, dont chacune a des cons\u00e9quences contradictoires. Il s&rsquo;agit de dilemmes qui exigent des choix ou des d\u00e9cisions morales difficiles, par exemple lorsqu&rsquo;une personne doit choisir entre deux actions ou croyances qui &hellip; <\/p>\n<p class=\"link-more\"><a href=\"https:\/\/www.testdorientation.com\/blog\/le-dilemme-moral\/\" class=\"more-link\">Continuer la lecture<span class=\"screen-reader-text\"> de &laquo;&nbsp;Le dilemme moral&nbsp;&raquo;<\/span><\/a><\/p>\n","protected":false},"author":2,"featured_media":0,"parent":0,"menu_order":0,"comment_status":"closed","ping_status":"closed","template":"","meta":{"footnotes":""},"class_list":["post-40","page","type-page","status-publish","hentry"],"_links":{"self":[{"href":"https:\/\/www.testdorientation.com\/blog\/wp-json\/wp\/v2\/pages\/40","targetHints":{"allow":["GET"]}}],"collection":[{"href":"https:\/\/www.testdorientation.com\/blog\/wp-json\/wp\/v2\/pages"}],"about":[{"href":"https:\/\/www.testdorientation.com\/blog\/wp-json\/wp\/v2\/types\/page"}],"author":[{"embeddable":true,"href":"https:\/\/www.testdorientation.com\/blog\/wp-json\/wp\/v2\/users\/2"}],"replies":[{"embeddable":true,"href":"https:\/\/www.testdorientation.com\/blog\/wp-json\/wp\/v2\/comments?post=40"}],"version-history":[{"count":1,"href":"https:\/\/www.testdorientation.com\/blog\/wp-json\/wp\/v2\/pages\/40\/revisions"}],"predecessor-version":[{"id":42,"href":"https:\/\/www.testdorientation.com\/blog\/wp-json\/wp\/v2\/pages\/40\/revisions\/42"}],"wp:attachment":[{"href":"https:\/\/www.testdorientation.com\/blog\/wp-json\/wp\/v2\/media?parent=40"}],"curies":[{"name":"wp","href":"https:\/\/api.w.org\/{rel}","templated":true}]}}